{"id":1828,"date":"2023-02-15T07:49:19","date_gmt":"2023-02-15T06:49:19","guid":{"rendered":"https:\/\/www.kaul-foerdertechnik.de\/company\/"},"modified":"2024-08-28T14:55:40","modified_gmt":"2024-08-28T12:55:40","slug":"company","status":"publish","type":"page","link":"https:\/\/www.kaul-foerdertechnik.de\/en\/company\/","title":{"rendered":"Company"},"content":{"rendered":"\n<div class=\"wp-block-columns is-layout-flex wp-container-core-columns-is-layout-9d6595d7 wp-block-columns-is-layout-flex\">\n<div class=\"wp-block-column is-layout-flow wp-block-column-is-layout-flow\">\n<p>Kaul F\u00f6rdertechnik GmbH has been a leading company in the field of customised solutions and conveyor technology for more than 30 years. Since its foundation, the company has established itself as a reliable partner for customers worldwide.<\/p>\n\n\n\n<p>The generational change in 2022 not only marks a new stage in the company&#8217;s history, but also a commitment to our customers, employees and partners to provide the best possible service.<\/p>\n\n\n\n<p>Kaul F\u00f6rdertechnik GmbH continuously invests in the areas of design, research and development. Our aim is to realise innovative, future-oriented and customised solutions in order to meet the constantly growing requirements of our customers and partners.<\/p>\n\n\n\n<div style=\"height:100px\" aria-hidden=\"true\" class=\"wp-block-spacer\"><\/div>\n\n\n<div class=\"wp-block-image\">\n<figure class=\"aligncenter size-full is-resized\"><img loading=\"lazy\" decoding=\"async\" width=\"800\" height=\"800\" src=\"https:\/\/www.kaul-foerdertechnik.de\/wp-content\/uploads\/kuno-kaul.jpg\" alt=\"Kuno Kaul\" class=\"wp-image-812\" style=\"aspect-ratio:1;object-fit:cover;width:500px\" srcset=\"https:\/\/www.kaul-foerdertechnik.de\/wp-content\/uploads\/kuno-kaul.jpg 800w, https:\/\/www.kaul-foerdertechnik.de\/wp-content\/uploads\/kuno-kaul-768x768.jpg 768w\" sizes=\"auto, (max-width: 800px) 100vw, 800px\" \/><\/figure>\n<\/div>\n\n\n<p class=\"has-text-align-center owner has-small-font-size\">Kuno Kaul &#8211; Owner \/ Managing Director<\/p>\n<\/div>\n<\/div>\n","protected":false},"excerpt":{"rendered":"Kaul F\u00f6rdertechnik GmbH has been a leading company in the field of customised solutions and [&hellip;]","protected":false},"author":1,"featured_media":0,"parent":0,"menu_order":25,"comment_status":"closed","ping_status":"closed","template":"","meta":{"_acf_changed":false,"footnotes":""},"class_list":["post-1828","page","type-page","status-publish","hentry"],"acf":[],"yoast_head":"<!-- This site is optimized with the Yoast SEO plugin v27.3 - https:\/\/yoast.com\/product\/yoast-seo-wordpress\/ -->\n<title>Company - KAUL F\u00f6rdertechnik GmbH<\/title>\n<meta name=\"robots\" content=\"index, follow, max-snippet:-1, max-image-preview:large, max-video-preview:-1\" \/>\n<link rel=\"canonical\" href=\"https:\/\/www.kaul-foerdertechnik.de\/en\/company\/\" \/>\n<meta property=\"og:locale\" content=\"en_US\" \/>\n<meta property=\"og:type\" content=\"article\" \/>\n<meta property=\"og:title\" content=\"Company - KAUL F\u00f6rdertechnik GmbH\" \/>\n<meta property=\"og:description\" content=\"Kaul F\u00f6rdertechnik GmbH has been a leading company in the field of customised solutions and [&hellip;]\" \/>\n<meta property=\"og:url\" content=\"https:\/\/www.kaul-foerdertechnik.de\/en\/company\/\" \/>\n<meta property=\"og:site_name\" content=\"KAUL F\u00f6rdertechnik GmbH\" \/>\n<meta property=\"article:publisher\" content=\"https:\/\/www.facebook.com\/kaul.foerdertechnik\" \/>\n<meta property=\"article:modified_time\" content=\"2024-08-28T12:55:40+00:00\" \/>\n<meta property=\"og:image\" content=\"https:\/\/www.kaul-foerdertechnik.de\/wp-content\/uploads\/kuno-kaul.jpg\" \/>\n<meta name=\"twitter:card\" content=\"summary_large_image\" \/>\n<meta name=\"twitter:label1\" content=\"Est. reading time\" \/>\n\t<meta name=\"twitter:data1\" content=\"1 minute\" \/>\n<script type=\"application\/ld+json\" class=\"yoast-schema-graph\">{\"@context\":\"https:\\\/\\\/schema.org\",\"@graph\":[{\"@type\":\"WebPage\",\"@id\":\"https:\\\/\\\/www.kaul-foerdertechnik.de\\\/en\\\/company\\\/\",\"url\":\"https:\\\/\\\/www.kaul-foerdertechnik.de\\\/en\\\/company\\\/\",\"name\":\"Company - KAUL F\u00f6rdertechnik GmbH\",\"isPartOf\":{\"@id\":\"https:\\\/\\\/www.kaul-foerdertechnik.de\\\/en\\\/#website\"},\"primaryImageOfPage\":{\"@id\":\"https:\\\/\\\/www.kaul-foerdertechnik.de\\\/en\\\/company\\\/#primaryimage\"},\"image\":{\"@id\":\"https:\\\/\\\/www.kaul-foerdertechnik.de\\\/en\\\/company\\\/#primaryimage\"},\"thumbnailUrl\":\"https:\\\/\\\/www.kaul-foerdertechnik.de\\\/wp-content\\\/uploads\\\/kuno-kaul.jpg\",\"datePublished\":\"2023-02-15T06:49:19+00:00\",\"dateModified\":\"2024-08-28T12:55:40+00:00\",\"breadcrumb\":{\"@id\":\"https:\\\/\\\/www.kaul-foerdertechnik.de\\\/en\\\/company\\\/#breadcrumb\"},\"inLanguage\":\"en-US\",\"potentialAction\":[{\"@type\":\"ReadAction\",\"target\":[\"https:\\\/\\\/www.kaul-foerdertechnik.de\\\/en\\\/company\\\/\"]}]},{\"@type\":\"ImageObject\",\"inLanguage\":\"en-US\",\"@id\":\"https:\\\/\\\/www.kaul-foerdertechnik.de\\\/en\\\/company\\\/#primaryimage\",\"url\":\"https:\\\/\\\/www.kaul-foerdertechnik.de\\\/wp-content\\\/uploads\\\/kuno-kaul.jpg\",\"contentUrl\":\"https:\\\/\\\/www.kaul-foerdertechnik.de\\\/wp-content\\\/uploads\\\/kuno-kaul.jpg\"},{\"@type\":\"BreadcrumbList\",\"@id\":\"https:\\\/\\\/www.kaul-foerdertechnik.de\\\/en\\\/company\\\/#breadcrumb\",\"itemListElement\":[{\"@type\":\"ListItem\",\"position\":1,\"name\":\"Startseite\",\"item\":\"https:\\\/\\\/www.kaul-foerdertechnik.de\\\/en\\\/homepage\\\/\"},{\"@type\":\"ListItem\",\"position\":2,\"name\":\"Company\"}]},{\"@type\":\"WebSite\",\"@id\":\"https:\\\/\\\/www.kaul-foerdertechnik.de\\\/en\\\/#website\",\"url\":\"https:\\\/\\\/www.kaul-foerdertechnik.de\\\/en\\\/\",\"name\":\"KAUL F\u00f6rdertechnik GmbH\",\"description\":\"F\u00f6rdertechnik &amp; F\u00f6rdersysteme\",\"publisher\":{\"@id\":\"https:\\\/\\\/www.kaul-foerdertechnik.de\\\/en\\\/#organization\"},\"potentialAction\":[{\"@type\":\"SearchAction\",\"target\":{\"@type\":\"EntryPoint\",\"urlTemplate\":\"https:\\\/\\\/www.kaul-foerdertechnik.de\\\/en\\\/?s={search_term_string}\"},\"query-input\":{\"@type\":\"PropertyValueSpecification\",\"valueRequired\":true,\"valueName\":\"search_term_string\"}}],\"inLanguage\":\"en-US\"},{\"@type\":\"Organization\",\"@id\":\"https:\\\/\\\/www.kaul-foerdertechnik.de\\\/en\\\/#organization\",\"name\":\"Kaul F\u00f6rdertechnik GmbH\",\"alternateName\":\"Kaul F\u00f6rdertechnik GmbH\",\"url\":\"https:\\\/\\\/www.kaul-foerdertechnik.de\\\/en\\\/\",\"logo\":{\"@type\":\"ImageObject\",\"inLanguage\":\"en-US\",\"@id\":\"https:\\\/\\\/www.kaul-foerdertechnik.de\\\/en\\\/#\\\/schema\\\/logo\\\/image\\\/\",\"url\":\"https:\\\/\\\/www.kaul-foerdertechnik.de\\\/wp-content\\\/uploads\\\/screenshot.png\",\"contentUrl\":\"https:\\\/\\\/www.kaul-foerdertechnik.de\\\/wp-content\\\/uploads\\\/screenshot.png\",\"width\":1200,\"height\":900,\"caption\":\"Kaul F\u00f6rdertechnik GmbH\"},\"image\":{\"@id\":\"https:\\\/\\\/www.kaul-foerdertechnik.de\\\/en\\\/#\\\/schema\\\/logo\\\/image\\\/\"},\"sameAs\":[\"https:\\\/\\\/www.facebook.com\\\/kaul.foerdertechnik\"]}]}<\/script>\n<!-- \/ Yoast SEO plugin. -->","yoast_head_json":{"title":"Company - KAUL F\u00f6rdertechnik GmbH","robots":{"index":"index","follow":"follow","max-snippet":"max-snippet:-1","max-image-preview":"max-image-preview:large","max-video-preview":"max-video-preview:-1"},"canonical":"https:\/\/www.kaul-foerdertechnik.de\/en\/company\/","og_locale":"en_US","og_type":"article","og_title":"Company - KAUL F\u00f6rdertechnik GmbH","og_description":"Kaul F\u00f6rdertechnik GmbH has been a leading company in the field of customised solutions and [&hellip;]","og_url":"https:\/\/www.kaul-foerdertechnik.de\/en\/company\/","og_site_name":"KAUL F\u00f6rdertechnik GmbH","article_publisher":"https:\/\/www.facebook.com\/kaul.foerdertechnik","article_modified_time":"2024-08-28T12:55:40+00:00","og_image":[{"url":"https:\/\/www.kaul-foerdertechnik.de\/wp-content\/uploads\/kuno-kaul.jpg","type":"","width":"","height":""}],"twitter_card":"summary_large_image","twitter_misc":{"Est. reading time":"1 minute"},"schema":{"@context":"https:\/\/schema.org","@graph":[{"@type":"WebPage","@id":"https:\/\/www.kaul-foerdertechnik.de\/en\/company\/","url":"https:\/\/www.kaul-foerdertechnik.de\/en\/company\/","name":"Company - KAUL F\u00f6rdertechnik GmbH","isPartOf":{"@id":"https:\/\/www.kaul-foerdertechnik.de\/en\/#website"},"primaryImageOfPage":{"@id":"https:\/\/www.kaul-foerdertechnik.de\/en\/company\/#primaryimage"},"image":{"@id":"https:\/\/www.kaul-foerdertechnik.de\/en\/company\/#primaryimage"},"thumbnailUrl":"https:\/\/www.kaul-foerdertechnik.de\/wp-content\/uploads\/kuno-kaul.jpg","datePublished":"2023-02-15T06:49:19+00:00","dateModified":"2024-08-28T12:55:40+00:00","breadcrumb":{"@id":"https:\/\/www.kaul-foerdertechnik.de\/en\/company\/#breadcrumb"},"inLanguage":"en-US","potentialAction":[{"@type":"ReadAction","target":["https:\/\/www.kaul-foerdertechnik.de\/en\/company\/"]}]},{"@type":"ImageObject","inLanguage":"en-US","@id":"https:\/\/www.kaul-foerdertechnik.de\/en\/company\/#primaryimage","url":"https:\/\/www.kaul-foerdertechnik.de\/wp-content\/uploads\/kuno-kaul.jpg","contentUrl":"https:\/\/www.kaul-foerdertechnik.de\/wp-content\/uploads\/kuno-kaul.jpg"},{"@type":"BreadcrumbList","@id":"https:\/\/www.kaul-foerdertechnik.de\/en\/company\/#breadcrumb","itemListElement":[{"@type":"ListItem","position":1,"name":"Startseite","item":"https:\/\/www.kaul-foerdertechnik.de\/en\/homepage\/"},{"@type":"ListItem","position":2,"name":"Company"}]},{"@type":"WebSite","@id":"https:\/\/www.kaul-foerdertechnik.de\/en\/#website","url":"https:\/\/www.kaul-foerdertechnik.de\/en\/","name":"KAUL F\u00f6rdertechnik GmbH","description":"F\u00f6rdertechnik &amp; F\u00f6rdersysteme","publisher":{"@id":"https:\/\/www.kaul-foerdertechnik.de\/en\/#organization"},"potentialAction":[{"@type":"SearchAction","target":{"@type":"EntryPoint","urlTemplate":"https:\/\/www.kaul-foerdertechnik.de\/en\/?s={search_term_string}"},"query-input":{"@type":"PropertyValueSpecification","valueRequired":true,"valueName":"search_term_string"}}],"inLanguage":"en-US"},{"@type":"Organization","@id":"https:\/\/www.kaul-foerdertechnik.de\/en\/#organization","name":"Kaul F\u00f6rdertechnik GmbH","alternateName":"Kaul F\u00f6rdertechnik GmbH","url":"https:\/\/www.kaul-foerdertechnik.de\/en\/","logo":{"@type":"ImageObject","inLanguage":"en-US","@id":"https:\/\/www.kaul-foerdertechnik.de\/en\/#\/schema\/logo\/image\/","url":"https:\/\/www.kaul-foerdertechnik.de\/wp-content\/uploads\/screenshot.png","contentUrl":"https:\/\/www.kaul-foerdertechnik.de\/wp-content\/uploads\/screenshot.png","width":1200,"height":900,"caption":"Kaul F\u00f6rdertechnik GmbH"},"image":{"@id":"https:\/\/www.kaul-foerdertechnik.de\/en\/#\/schema\/logo\/image\/"},"sameAs":["https:\/\/www.facebook.com\/kaul.foerdertechnik"]}]}},"_links":{"self":[{"href":"https:\/\/www.kaul-foerdertechnik.de\/en\/wp-json\/wp\/v2\/pages\/1828","targetHints":{"allow":["GET"]}}],"collection":[{"href":"https:\/\/www.kaul-foerdertechnik.de\/en\/wp-json\/wp\/v2\/pages"}],"about":[{"href":"https:\/\/www.kaul-foerdertechnik.de\/en\/wp-json\/wp\/v2\/types\/page"}],"author":[{"embeddable":true,"href":"https:\/\/www.kaul-foerdertechnik.de\/en\/wp-json\/wp\/v2\/users\/1"}],"replies":[{"embeddable":true,"href":"https:\/\/www.kaul-foerdertechnik.de\/en\/wp-json\/wp\/v2\/comments?post=1828"}],"version-history":[{"count":3,"href":"https:\/\/www.kaul-foerdertechnik.de\/en\/wp-json\/wp\/v2\/pages\/1828\/revisions"}],"predecessor-version":[{"id":1969,"href":"https:\/\/www.kaul-foerdertechnik.de\/en\/wp-json\/wp\/v2\/pages\/1828\/revisions\/1969"}],"wp:attachment":[{"href":"https:\/\/www.kaul-foerdertechnik.de\/en\/wp-json\/wp\/v2\/media?parent=1828"}],"curies":[{"name":"wp","href":"https:\/\/api.w.org\/{rel}","templated":true}]}}